{"id":9057,"date":"2025-12-03T16:57:18","date_gmt":"2025-12-03T13:57:18","guid":{"rendered":"https:\/\/weld-int.com\/?page_id=9057"},"modified":"2025-12-23T12:50:50","modified_gmt":"2025-12-23T09:50:50","slug":"hakkimizda","status":"publish","type":"page","link":"https:\/\/weld-int.com\/tr\/hakkimizda\/","title":{"rendered":"Hakk\u0131m\u0131zda"},"content":{"rendered":"<div data-elementor-type=\"wp-page\" data-elementor-id=\"9057\" class=\"elementor elementor-9057\" data-elementor-post-type=\"page\">\n\t\t\t\t<div class=\"elementor-element elementor-element-ef5dd01 e-con-full e-flex e-con e-parent\" data-id=\"ef5dd01\" data-element_type=\"container\" data-e-type=\"container\" data-settings=\"{&quot;background_background&quot;:&quot;classic&quot;}\">\n\t\t\t\t<div class=\"elementor-element elementor-element-eb30e35 elementor-widget elementor-widget-heading\" data-id=\"eb30e35\" data-element_type=\"widget\" data-e-type=\"widget\" data-widget_type=\"heading.default\">\n\t\t\t\t\t<h2 class=\"elementor-heading-title elementor-size-default\">Lojistikte Hayallere \u00d6nc\u00fcl\u00fck Ediyoruz<\/h2>\t\t\t\t<\/div>\n\t\t\t\t<\/div>\n\t\t<div class=\"elementor-element elementor-element-4e20084 e-flex e-con-boxed e-con e-parent\" data-id=\"4e20084\" data-element_type=\"container\" data-e-type=\"container\" data-settings=\"{&quot;background_background&quot;:&quot;classic&quot;}\">\n\t\t\t\t\t<div class=\"e-con-inner\">\n\t\t\t\t<div class=\"elementor-element elementor-element-2d02d4e elementor-cta--layout-image-right elementor-cta--tablet-layout-image-right elementor-cta--mobile-layout-image-above elementor-cta--valign-middle elementor-cta--skin-classic elementor-animated-content elementor-bg-transform elementor-bg-transform-zoom-in elementor-widget elementor-widget-call-to-action\" data-id=\"2d02d4e\" data-element_type=\"widget\" data-e-type=\"widget\" data-widget_type=\"call-to-action.default\">\n\t\t\t\t\t\t\t<div class=\"elementor-cta\">\n\t\t\t\t\t<div class=\"elementor-cta__bg-wrapper\">\n\t\t\t\t<div class=\"elementor-cta__bg elementor-bg\" style=\"background-image: url(https:\/\/i0.wp.com\/weld-int.com\/wp-content\/uploads\/2023\/04\/main-altslider-1.webp?fit=800%2C407&#038;ssl=1);\" role=\"img\" aria-label=\"main-altslider-1.jpg\"><\/div>\n\t\t\t\t<div class=\"elementor-cta__bg-overlay\"><\/div>\n\t\t\t<\/div>\n\t\t\t\t\t\t\t<div class=\"elementor-cta__content\">\n\t\t\t\t\n\t\t\t\t\t\t\t\t\t<h2 class=\"elementor-cta__title elementor-cta__content-item elementor-content-item\">\n\t\t\t\t\t\tHakk\u0131m\u0131zda\t\t\t\t\t<\/h2>\n\t\t\t\t\n\t\t\t\t\t\t\t\t\t<span class=\"elementor-cta__description elementor-cta__content-item elementor-content-item\">\n\t\t\t\t\t\tWeLD Uluslararas\u0131 Ta\u015f\u0131mac\u0131l\u0131k, d\u00fcnya genelinde g\u00fc\u00e7l\u00fc bir tan\u0131n\u0131rl\u0131\u011fa sahip olup; yenilik\u00e7i ve profesyonel freight forwarding hizmetleriyle \u00f6zde\u015fle\u015fmi\u015f bir marka haline gelmi\u015ftir.\n\nAsya, Avrupa ve Amerika k\u0131talar\u0131nda grubun uzun y\u0131llara dayanan k\u00f6kl\u00fc kaynaklar\u0131 \u00fczerine in\u015fa edilen uzmanl\u0131\u011f\u0131m\u0131z sayesinde, m\u00fc\u015fterilerimize yerel bilgi birikimini g\u00fcvenilir ve rekabet\u00e7i hizmetlerle birle\u015ftiren kapsaml\u0131 bir lojistik a\u011fa eri\u015fim imk\u00e2n\u0131 sunmaktay\u0131z.\n\nKurulu\u015fumuzun ilk y\u0131llar\u0131ndan bu yana a\u011f\u0131m\u0131z yeni pazarlara geni\u015flemi\u015ftir. K\u00fcresel i\u015f ortaklar\u0131m\u0131zla birlikte, rekabet\u00e7i ta\u015f\u0131mac\u0131l\u0131k \u00e7\u00f6z\u00fcmleri sunarak; ileti\u015fim ve operasyonel performansta en y\u00fcksek standartlar\u0131 korumay\u0131 taahh\u00fct ediyor ve \u015firketinizin b\u00fcy\u00fcmesini destekliyoruz.\t\t\t\t\t<\/span>\n\t\t\t\t\n\t\t\t\t\t\t\t<\/div>\n\t\t\t\t\t\t<\/div>\n\t\t\t\t\t\t<\/div>\n\t\t\t\t<div class=\"elementor-element elementor-element-51a1c89 elementor-align-center elementor-widget elementor-widget-button\" data-id=\"51a1c89\" data-element_type=\"widget\" data-e-type=\"widget\" data-widget_type=\"button.default\">\n\t\t\t\t\t\t\t\t\t\t<a class=\"elementor-button elementor-button-link elementor-size-lg\" href=\"https:\/\/weld-op.com\/\" target=\"_blank\">\n\t\t\t\t\t\t<span class=\"elementor-button-content-wrapper\">\n\t\t\t\t\t\t<span class=\"elementor-button-icon\">\n\t\t\t\t<svg aria-hidden=\"true\" class=\"e-font-icon-svg e-fas-search\" viewbox=\"0 0 512 512\" xmlns=\"http:\/\/www.w3.org\/2000\/svg\"><path d=\"M505 442.7L405.3 343c-4.5-4.5-10.6-7-17-7H372c27.6-35.3 44-79.7 44-128C416 93.1 322.9 0 208 0S0 93.1 0 208s93.1 208 208 208c48.3 0 92.7-16.4 128-44v16.3c0 6.4 2.5 12.5 7 17l99.7 99.7c9.4 9.4 24.6 9.4 33.9 0l28.3-28.3c9.4-9.4 9.4-24.6.1-34zM208 336c-70.7 0-128-57.2-128-128 0-70.7 57.2-128 128-128 70.7 0 128 57.2 128 128 0 70.7-57.2 128-128 128z\"><\/path><\/svg>\t\t\t<\/span>\n\t\t\t\t\t\t\t\t\t<span class=\"elementor-button-text\">ONLINE F\u0130YAT TEKL\u0130F\u0130 ALIN<\/span>\n\t\t\t\t\t<\/span>\n\t\t\t\t\t<\/a>\n\t\t\t\t\t\t\t\t<\/div>\n\t\t\t\t\t<\/div>\n\t\t\t\t<\/div>\n\t\t<div class=\"elementor-element elementor-element-f51189b e-con-full e-flex e-con e-parent\" data-id=\"f51189b\" data-element_type=\"container\" data-e-type=\"container\">\n\t\t\t\t<div class=\"elementor-element elementor-element-4a0e614 elementor-widget elementor-widget-video\" data-id=\"4a0e614\" data-element_type=\"widget\" data-e-type=\"widget\" data-settings=\"{&quot;youtube_url&quot;:&quot;https:\\\/\\\/youtu.be\\\/QR6YIyS-QDE?si=4EwmuXSEoQR8Lv5l&quot;,&quot;show_image_overlay&quot;:&quot;yes&quot;,&quot;image_overlay&quot;:{&quot;url&quot;:&quot;https:\\\/\\\/weld-int.com\\\/wp-content\\\/uploads\\\/revslider\\\/main\\\/weld_main_slider3.webp&quot;,&quot;id&quot;:5812,&quot;size&quot;:&quot;&quot;,&quot;alt&quot;:&quot;&quot;,&quot;source&quot;:&quot;library&quot;},&quot;video_type&quot;:&quot;youtube&quot;,&quot;controls&quot;:&quot;yes&quot;}\" data-widget_type=\"video.default\">\n\t\t\t\t\t\t\t<div class=\"elementor-wrapper elementor-open-inline\">\n\t\t\t<div class=\"elementor-video\"><\/div>\t\t\t\t<div class=\"elementor-custom-embed-image-overlay\" style=\"background-image: url(https:\/\/i0.wp.com\/weld-int.com\/wp-content\/uploads\/revslider\/main\/weld_main_slider3.webp?fit=1920%2C1080&amp;ssl=1);\">\n\t\t\t\t\t\t\t\t\t\t\t\t\t\t\t\t<div class=\"elementor-custom-embed-play\" role=\"button\" aria-label=\"Videoyu Oynat\" tabindex=\"0\" data-no-translation-aria-label=\"\">\n\t\t\t\t\t\t\t<svg aria-hidden=\"true\" class=\"e-font-icon-svg e-eicon-play\" viewbox=\"0 0 1000 1000\" xmlns=\"http:\/\/www.w3.org\/2000\/svg\"><path d=\"M838 162C746 71 633 25 500 25 371 25 258 71 163 162 71 254 25 367 25 500 25 633 71 746 163 837 254 929 367 979 500 979 633 979 746 933 838 837 929 746 975 633 975 500 975 367 929 254 838 162M808 192C892 279 933 379 933 500 933 621 892 725 808 808 725 892 621 938 500 938 379 938 279 896 196 808 113 725 67 621 67 500 67 379 108 279 196 192 279 108 383 62 500 62 621 62 721 108 808 192M438 392V642L642 517 438 392Z\"><\/path><\/svg>\t\t\t\t\t\t<\/div>\n\t\t\t\t\t\t\t\t\t<\/div>\n\t\t\t\t\t<\/div>\n\t\t\t\t\t\t<\/div>\n\t\t\t\t<\/div>\n\t\t\t\t<\/div>","protected":false},"excerpt":{"rendered":"<p>We Lead Dreams In Logicstics About Us The WeLD International Transport is well recognized around the globe and has become synonymous with innovative and professional freight forwarding services. Building on the group\u2019s extensive and long-established resources in Asia, Europe, and the Americas, our specialization in these regions provides customers with access to a comprehensive network [&hellip;]<\/p>","protected":false},"author":185070489,"featured_media":0,"parent":0,"menu_order":0,"comment_status":"closed","ping_status":"closed","template":"elementor_header_footer","meta":{"jetpack_post_was_ever_published":false,"footnotes":""},"class_list":["post-9057","page","type-page","status-publish","hentry"],"yoast_head":"<!-- This site is optimized with the Yoast SEO Premium plugin v26.7 (Yoast SEO v27.3) - https:\/\/yoast.com\/product\/yoast-seo-premium-wordpress\/ -->\n<title>About Us - WeLD International Transport<\/title>\n<meta name=\"robots\" content=\"index, follow, max-snippet:-1, max-image-preview:large, max-video-preview:-1\" \/>\n<link rel=\"canonical\" href=\"https:\/\/weld-int.com\/tr\/hakkimizda\/\" \/>\n<meta property=\"og:locale\" content=\"tr_TR\" \/>\n<meta property=\"og:type\" content=\"article\" \/>\n<meta property=\"og:title\" content=\"WeLD International Transport\" \/>\n<meta property=\"og:description\" content=\"WeLD International Transport\" \/>\n<meta property=\"og:url\" content=\"https:\/\/weld-int.com\/tr\/hakkimizda\/\" \/>\n<meta property=\"og:site_name\" content=\"WeLD International Transport\" \/>\n<meta property=\"article:publisher\" content=\"https:\/\/www.facebook.com\/weldinternationaltransport\/\" \/>\n<meta property=\"article:modified_time\" content=\"2025-12-23T09:50:50+00:00\" \/>\n<meta name=\"twitter:card\" content=\"summary_large_image\" \/>\n<meta name=\"twitter:site\" content=\"@weld_transport\" \/>\n<meta name=\"twitter:label1\" content=\"Tahmini okuma s\u00fcresi\" \/>\n\t<meta name=\"twitter:data1\" content=\"1 dakika\" \/>\n<script type=\"application\/ld+json\" class=\"yoast-schema-graph\">{\"@context\":\"https:\\\/\\\/schema.org\",\"@graph\":[{\"@type\":\"WebPage\",\"@id\":\"https:\\\/\\\/weld-int.com\\\/about-us\\\/\",\"url\":\"https:\\\/\\\/weld-int.com\\\/about-us\\\/\",\"name\":\"About Us - WeLD International Transport\",\"isPartOf\":{\"@id\":\"https:\\\/\\\/weld-int.com\\\/#website\"},\"datePublished\":\"2025-12-03T13:57:18+00:00\",\"dateModified\":\"2025-12-23T09:50:50+00:00\",\"breadcrumb\":{\"@id\":\"https:\\\/\\\/weld-int.com\\\/about-us\\\/#breadcrumb\"},\"inLanguage\":\"tr\",\"potentialAction\":[{\"@type\":\"ReadAction\",\"target\":[\"https:\\\/\\\/weld-int.com\\\/about-us\\\/\"]}]},{\"@type\":\"BreadcrumbList\",\"@id\":\"https:\\\/\\\/weld-int.com\\\/about-us\\\/#breadcrumb\",\"itemListElement\":[{\"@type\":\"ListItem\",\"position\":1,\"name\":\"Home\",\"item\":\"https:\\\/\\\/weld-int.com\\\/\"},{\"@type\":\"ListItem\",\"position\":2,\"name\":\"About Us\"}]},{\"@type\":\"WebSite\",\"@id\":\"https:\\\/\\\/weld-int.com\\\/#website\",\"url\":\"https:\\\/\\\/weld-int.com\\\/\",\"name\":\"WeLD International Transport\",\"description\":\"\",\"publisher\":{\"@id\":\"https:\\\/\\\/weld-int.com\\\/#organization\"},\"potentialAction\":[{\"@type\":\"SearchAction\",\"target\":{\"@type\":\"EntryPoint\",\"urlTemplate\":\"https:\\\/\\\/weld-int.com\\\/?s={search_term_string}\"},\"query-input\":{\"@type\":\"PropertyValueSpecification\",\"valueRequired\":true,\"valueName\":\"search_term_string\"}}],\"inLanguage\":\"tr\"},{\"@type\":\"Organization\",\"@id\":\"https:\\\/\\\/weld-int.com\\\/#organization\",\"name\":\"WeLD Uluslararas\u0131 Ta\u015f\u0131mac\u0131l\u0131k\",\"url\":\"https:\\\/\\\/weld-int.com\\\/\",\"logo\":{\"@type\":\"ImageObject\",\"inLanguage\":\"tr\",\"@id\":\"https:\\\/\\\/weld-int.com\\\/#\\\/schema\\\/logo\\\/image\\\/\",\"url\":\"https:\\\/\\\/i0.wp.com\\\/weld-int.com\\\/wp-content\\\/uploads\\\/2023\\\/04\\\/weld-logo.png?fit=973%2C608&ssl=1\",\"contentUrl\":\"https:\\\/\\\/i0.wp.com\\\/weld-int.com\\\/wp-content\\\/uploads\\\/2023\\\/04\\\/weld-logo.png?fit=973%2C608&ssl=1\",\"width\":973,\"height\":608,\"caption\":\"WeLD Uluslararas\u0131 Ta\u015f\u0131mac\u0131l\u0131k\"},\"image\":{\"@id\":\"https:\\\/\\\/weld-int.com\\\/#\\\/schema\\\/logo\\\/image\\\/\"},\"sameAs\":[\"https:\\\/\\\/www.facebook.com\\\/weldinternationaltransport\\\/\",\"https:\\\/\\\/x.com\\\/weld_transport\",\"https:\\\/\\\/www.youtube.com\\\/channel\\\/UCL8da1yNAQGZWJj98nQ7RTw\",\"https:\\\/\\\/www.linkedin.com\\\/company\\\/weld-international-transport\\\/\"]}]}<\/script>\n<!-- \/ Yoast SEO Premium plugin. -->","yoast_head_json":{"title":"About Us - WeLD International Transport","robots":{"index":"index","follow":"follow","max-snippet":"max-snippet:-1","max-image-preview":"max-image-preview:large","max-video-preview":"max-video-preview:-1"},"canonical":"https:\/\/weld-int.com\/tr\/hakkimizda\/","og_locale":"tr_TR","og_type":"article","og_title":"WeLD International Transport","og_description":"WeLD International Transport","og_url":"https:\/\/weld-int.com\/tr\/hakkimizda\/","og_site_name":"WeLD International Transport","article_publisher":"https:\/\/www.facebook.com\/weldinternationaltransport\/","article_modified_time":"2025-12-23T09:50:50+00:00","twitter_card":"summary_large_image","twitter_site":"@weld_transport","twitter_misc":{"Tahmini okuma s\u00fcresi":"1 dakika"},"schema":{"@context":"https:\/\/schema.org","@graph":[{"@type":"WebPage","@id":"https:\/\/weld-int.com\/about-us\/","url":"https:\/\/weld-int.com\/about-us\/","name":"About Us - WeLD International Transport","isPartOf":{"@id":"https:\/\/weld-int.com\/#website"},"datePublished":"2025-12-03T13:57:18+00:00","dateModified":"2025-12-23T09:50:50+00:00","breadcrumb":{"@id":"https:\/\/weld-int.com\/about-us\/#breadcrumb"},"inLanguage":"tr","potentialAction":[{"@type":"ReadAction","target":["https:\/\/weld-int.com\/about-us\/"]}]},{"@type":"BreadcrumbList","@id":"https:\/\/weld-int.com\/about-us\/#breadcrumb","itemListElement":[{"@type":"ListItem","position":1,"name":"Home","item":"https:\/\/weld-int.com\/"},{"@type":"ListItem","position":2,"name":"About Us"}]},{"@type":"WebSite","@id":"https:\/\/weld-int.com\/#website","url":"https:\/\/weld-int.com\/","name":"WeLD Uluslararas\u0131 Ta\u015f\u0131mac\u0131l\u0131k","description":"","publisher":{"@id":"https:\/\/weld-int.com\/#organization"},"potentialAction":[{"@type":"SearchAction","target":{"@type":"EntryPoint","urlTemplate":"https:\/\/weld-int.com\/?s={search_term_string}"},"query-input":{"@type":"PropertyValueSpecification","valueRequired":true,"valueName":"search_term_string"}}],"inLanguage":"tr"},{"@type":"Organization","@id":"https:\/\/weld-int.com\/#organization","name":"WeLD Uluslararas\u0131 Ta\u015f\u0131mac\u0131l\u0131k","url":"https:\/\/weld-int.com\/","logo":{"@type":"ImageObject","inLanguage":"tr","@id":"https:\/\/weld-int.com\/#\/schema\/logo\/image\/","url":"https:\/\/i0.wp.com\/weld-int.com\/wp-content\/uploads\/2023\/04\/weld-logo.png?fit=973%2C608&ssl=1","contentUrl":"https:\/\/i0.wp.com\/weld-int.com\/wp-content\/uploads\/2023\/04\/weld-logo.png?fit=973%2C608&ssl=1","width":973,"height":608,"caption":"WeLD Uluslararas\u0131 Ta\u015f\u0131mac\u0131l\u0131k"},"image":{"@id":"https:\/\/weld-int.com\/#\/schema\/logo\/image\/"},"sameAs":["https:\/\/www.facebook.com\/weldinternationaltransport\/","https:\/\/x.com\/weld_transport","https:\/\/www.youtube.com\/channel\/UCL8da1yNAQGZWJj98nQ7RTw","https:\/\/www.linkedin.com\/company\/weld-international-transport\/"]}]}},"jetpack_shortlink":"https:\/\/wp.me\/PbX4pt-2m5","jetpack_sharing_enabled":true,"_links":{"self":[{"href":"https:\/\/weld-int.com\/tr\/wp-json\/wp\/v2\/pages\/9057","targetHints":{"allow":["GET"]}}],"collection":[{"href":"https:\/\/weld-int.com\/tr\/wp-json\/wp\/v2\/pages"}],"about":[{"href":"https:\/\/weld-int.com\/tr\/wp-json\/wp\/v2\/types\/page"}],"author":[{"embeddable":true,"href":"https:\/\/weld-int.com\/tr\/wp-json\/wp\/v2\/users\/185070489"}],"replies":[{"embeddable":true,"href":"https:\/\/weld-int.com\/tr\/wp-json\/wp\/v2\/comments?post=9057"}],"version-history":[{"count":29,"href":"https:\/\/weld-int.com\/tr\/wp-json\/wp\/v2\/pages\/9057\/revisions"}],"predecessor-version":[{"id":9708,"href":"https:\/\/weld-int.com\/tr\/wp-json\/wp\/v2\/pages\/9057\/revisions\/9708"}],"wp:attachment":[{"href":"https:\/\/weld-int.com\/tr\/wp-json\/wp\/v2\/media?parent=9057"}],"curies":[{"name":"wp","href":"https:\/\/api.w.org\/{rel}","templated":true}]}}